{"id":2,"date":"2019-02-04T17:00:45","date_gmt":"2019-02-04T17:00:45","guid":{"rendered":"http:\/\/geoasist.com\/?page_id=2"},"modified":"2019-02-05T14:44:38","modified_gmt":"2019-02-05T14:44:38","slug":"about","status":"publish","type":"page","link":"http:\/\/geoasist.com\/","title":{"rendered":"&#8220;Yerbilimleri ve Zemin M\u00fchendisli\u011fi&#8221;"},"content":{"rendered":"<p><span style=\"color: #ffff00;\"> Bu kavramlar\u0131n kesi\u015fim noktas\u0131nda biz var\u0131z. Her t\u00fcr yap\u0131 in\u015faat\u0131 i\u00e7in &#8220;Geoteknik \u00c7\u00f6z\u00fcmler&#8221; \u00fcretmek bizim i\u015fimiz.<\/span><\/p>\n<p><span style=\"color: #ffff00;\">Geoteknik Tasar\u0131m, Proje Haz\u0131rlanmas\u0131, Proje Y\u00f6netimi, Kalite-kontrol ve Dan\u0131\u015fmanl\u0131k konusunda hizmetinizdeyiz<\/span><\/p>\n","protected":false},"excerpt":{"rendered":"<p>Bu kavramlar\u0131n kesi\u015fim noktas\u0131nda biz var\u0131z. Her t\u00fcr yap\u0131 in\u015faat\u0131 i\u00e7in &#8220;Geoteknik \u00c7\u00f6z\u00fcmler&#8221; \u00fcretmek bizim i\u015fimiz. Geoteknik Tasar\u0131m, Proje Haz\u0131rlanmas\u0131, Proje Y\u00f6netimi, Kalite-kontrol ve Dan\u0131\u015fmanl\u0131k konusunda hizmetinizdeyiz<\/p>\n","protected":false},"author":1,"featured_media":0,"parent":0,"menu_order":0,"comment_status":"closed","ping_status":"open","template":"home-page.php","meta":[],"_links":{"self":[{"href":"http:\/\/geoasist.com\/index.php?rest_route=\/wp\/v2\/pages\/2"}],"collection":[{"href":"http:\/\/geoasist.com\/index.php?rest_route=\/wp\/v2\/pages"}],"about":[{"href":"http:\/\/geoasist.com\/index.php?rest_route=\/wp\/v2\/types\/page"}],"author":[{"embeddable":true,"href":"http:\/\/geoasist.com\/index.php?rest_route=\/wp\/v2\/users\/1"}],"replies":[{"embeddable":true,"href":"http:\/\/geoasist.com\/index.php?rest_route=%2Fwp%2Fv2%2Fcomments&post=2"}],"version-history":[{"count":4,"href":"http:\/\/geoasist.com\/index.php?rest_route=\/wp\/v2\/pages\/2\/revisions"}],"predecessor-version":[{"id":51,"href":"http:\/\/geoasist.com\/index.php?rest_route=\/wp\/v2\/pages\/2\/revisions\/51"}],"wp:attachment":[{"href":"http:\/\/geoasist.com\/index.php?rest_route=%2Fwp%2Fv2%2Fmedia&parent=2"}],"curies":[{"name":"wp","href":"https:\/\/api.w.org\/{rel}","templated":true}]}}